{"id":16,"date":"2018-01-13T16:57:28","date_gmt":"2018-01-13T16:57:28","guid":{"rendered":"http:\/\/www.sprengnoeder.de\/?page_id=16"},"modified":"2018-01-14T10:56:49","modified_gmt":"2018-01-14T10:56:49","slug":"kontakt","status":"publish","type":"page","link":"http:\/\/www.sprengnoeder.de\/?page_id=16","title":{"rendered":"KONTAKT"},"content":{"rendered":"<p>Sprengn\u00f6der UG haftungsbeschr\u00e4nkt &amp; Co. KG<\/p>\n<p>Volker Sprengn\u00f6der<br \/>\nHauptstr. 11<br \/>\n55483 Hirschfeld (Hunsr\u00fcck)<\/p>\n<p>Telefon: +49 6543 989861<br \/>\nFax: +49 6543 989862<\/p>\n<p>E-Mail: sprengnoeder@t-online.de<\/p>\n","protected":false},"excerpt":{"rendered":"<p>Sprengn\u00f6der UG haftungsbeschr\u00e4nkt &amp; Co. KG Volker Sprengn\u00f6der Hauptstr. 11 55483 Hirschfeld (Hunsr\u00fcck) Telefon: +49 6543 989861 Fax: +49 6543 989862 E-Mail: sprengnoeder@t-online.de<\/p>\n","protected":false},"author":1,"featured_media":0,"parent":0,"menu_order":0,"comment_status":"closed","ping_status":"closed","template":"templates\/full-width-page.php","meta":{"footnotes":""},"_links":{"self":[{"href":"http:\/\/www.sprengnoeder.de\/index.php?rest_route=\/wp\/v2\/pages\/16"}],"collection":[{"href":"http:\/\/www.sprengnoeder.de\/index.php?rest_route=\/wp\/v2\/pages"}],"about":[{"href":"http:\/\/www.sprengnoeder.de\/index.php?rest_route=\/wp\/v2\/types\/page"}],"author":[{"embeddable":true,"href":"http:\/\/www.sprengnoeder.de\/index.php?rest_route=\/wp\/v2\/users\/1"}],"replies":[{"embeddable":true,"href":"http:\/\/www.sprengnoeder.de\/index.php?rest_route=%2Fwp%2Fv2%2Fcomments&post=16"}],"version-history":[{"count":5,"href":"http:\/\/www.sprengnoeder.de\/index.php?rest_route=\/wp\/v2\/pages\/16\/revisions"}],"predecessor-version":[{"id":62,"href":"http:\/\/www.sprengnoeder.de\/index.php?rest_route=\/wp\/v2\/pages\/16\/revisions\/62"}],"wp:attachment":[{"href":"http:\/\/www.sprengnoeder.de\/index.php?rest_route=%2Fwp%2Fv2%2Fmedia&parent=16"}],"curies":[{"name":"wp","href":"https:\/\/api.w.org\/{rel}","templated":true}]}}